{"id":50,"date":"2020-11-10T09:46:49","date_gmt":"2020-11-10T09:46:49","guid":{"rendered":"https:\/\/toimintaterapiapalvelu.fi\/wp\/?page_id=50"},"modified":"2024-11-11T08:16:47","modified_gmt":"2024-11-11T08:16:47","slug":"yhteystiedot","status":"publish","type":"page","link":"https:\/\/toimintaterapiapalvelu.fi\/wp\/?page_id=50","title":{"rendered":"Yhteystiedot"},"content":{"rendered":"\n<h3>YHTEYSTIEDOT<\/h3>\n\n\n\n<h4><strong>Lahden Toimintaterapiapalvelu Oy<\/strong><br>Vesij\u00e4rvenkatu 11 C (4.krs)<br>15140 Lahti<\/h4>\n\n\n\n<p>Toimitilamme otettiin k\u00e4ytt\u00f6\u00f6n syksyll\u00e4 2019 ja ne sijaitsevat Lahden keskustassa erinomaisten kulkuyhteyksien varrella.<\/p>\n\n\n\n<p><strong><a href=\"http:\/\/www.toimintaterapiapalvelu.fi\/index.html\" data-type=\"URL\" data-id=\"http:\/\/www.toimintaterapiapalvelu.fi\/index.html\">www.toimintaterapiapalvelu.fi<\/a><\/strong><\/p>\n\n\n\n<p><br><strong>Toimintaterapeutti Tarja Lindqvist<\/strong><br>puh. 050 5521274<br>tarja.lindqvist@elisanet.fi<br><br><strong>Toimintaterapeutti Petra Koskinen<\/strong><br>puh. 040 1413990<br>koskinenpetra@gmail.com<\/p>\n\n\n\n<p>Yrityksen omavalvontasuunnitelma on luettavissa toimipaikan odotustilassa.<\/p>\n","protected":false},"excerpt":{"rendered":"<p>YHTEYSTIEDOT Lahden Toimintaterapiapalvelu OyVesij\u00e4rvenkatu 11 C (4.krs)15140 Lahti Toimitilamme otettiin k\u00e4ytt\u00f6\u00f6n syksyll\u00e4 2019 ja ne sijaitsevat Lahden keskustassa erinomaisten kulkuyhteyksien varrella. www.toimintaterapiapalvelu.fi Toimintaterapeutti Tarja Lindqvistpuh. 050 5521274tarja.lindqvist@elisanet.fi Toimintaterapeutti Petra Koskinenpuh. 040 1413990koskinenpetra@gmail.com Yrityksen omavalvontasuunnitelma on luettavissa toimipaikan odotustilassa.<\/p>\n","protected":false},"author":1,"featured_media":0,"parent":0,"menu_order":0,"comment_status":"closed","ping_status":"closed","template":"","meta":[],"yoast_head":"<!-- This site is optimized with the Yoast SEO plugin v19.9 - https:\/\/yoast.com\/wordpress\/plugins\/seo\/ -->\n<title>Yhteystiedot - Lahden Toimintaterapiapalvelu<\/title>\n<meta name=\"description\" content=\"Lahden Toimintaterapiapalvelu Oy, Vesij\u00e4rvenkatu 11 C (4.krs)15140 Lahti. www.toimintaterapiapalvelu.fi\" \/>\n<meta name=\"robots\" content=\"index, follow, max-snippet:-1, max-image-preview:large, max-video-preview:-1\" \/>\n<link rel=\"canonical\" href=\"https:\/\/toimintaterapiapalvelu.fi\/wp\/?page_id=50\" \/>\n<meta property=\"og:locale\" content=\"fi_FI\" \/>\n<meta property=\"og:type\" content=\"article\" \/>\n<meta property=\"og:title\" content=\"Yhteystiedot - Lahden Toimintaterapiapalvelu\" \/>\n<meta property=\"og:description\" content=\"Lahden Toimintaterapiapalvelu Oy, Vesij\u00e4rvenkatu 11 C (4.krs)15140 Lahti. www.toimintaterapiapalvelu.fi\" \/>\n<meta property=\"og:url\" content=\"https:\/\/toimintaterapiapalvelu.fi\/wp\/?page_id=50\" \/>\n<meta property=\"og:site_name\" content=\"Lahden Toimintaterapiapalvelu\" \/>\n<meta property=\"article:modified_time\" content=\"2024-11-11T08:16:47+00:00\" \/>\n<meta name=\"twitter:card\" content=\"summary_large_image\" \/>\n<meta name=\"twitter:label1\" content=\"Arvioitu lukuaika\" \/>\n\t<meta name=\"twitter:data1\" content=\"1 minuutti\" \/>\n<script type=\"application\/ld+json\" class=\"yoast-schema-graph\">{\"@context\":\"https:\/\/schema.org\",\"@graph\":[{\"@type\":\"WebPage\",\"@id\":\"https:\/\/toimintaterapiapalvelu.fi\/wp\/?page_id=50\",\"url\":\"https:\/\/toimintaterapiapalvelu.fi\/wp\/?page_id=50\",\"name\":\"Yhteystiedot - Lahden Toimintaterapiapalvelu\",\"isPartOf\":{\"@id\":\"https:\/\/toimintaterapiapalvelu.fi\/wp\/#website\"},\"datePublished\":\"2020-11-10T09:46:49+00:00\",\"dateModified\":\"2024-11-11T08:16:47+00:00\",\"description\":\"Lahden Toimintaterapiapalvelu Oy, Vesij\u00e4rvenkatu 11 C (4.krs)15140 Lahti. www.toimintaterapiapalvelu.fi\",\"breadcrumb\":{\"@id\":\"https:\/\/toimintaterapiapalvelu.fi\/wp\/?page_id=50#breadcrumb\"},\"inLanguage\":\"fi\",\"potentialAction\":[{\"@type\":\"ReadAction\",\"target\":[\"https:\/\/toimintaterapiapalvelu.fi\/wp\/?page_id=50\"]}]},{\"@type\":\"BreadcrumbList\",\"@id\":\"https:\/\/toimintaterapiapalvelu.fi\/wp\/?page_id=50#breadcrumb\",\"itemListElement\":[{\"@type\":\"ListItem\",\"position\":1,\"name\":\"Etusivu\",\"item\":\"https:\/\/toimintaterapiapalvelu.fi\/wp\/\"},{\"@type\":\"ListItem\",\"position\":2,\"name\":\"Yhteystiedot\"}]},{\"@type\":\"WebSite\",\"@id\":\"https:\/\/toimintaterapiapalvelu.fi\/wp\/#website\",\"url\":\"https:\/\/toimintaterapiapalvelu.fi\/wp\/\",\"name\":\"Lahden Toimintaterapiapalvelu Oy\",\"description\":\"\",\"publisher\":{\"@id\":\"https:\/\/toimintaterapiapalvelu.fi\/wp\/#organization\"},\"potentialAction\":[{\"@type\":\"SearchAction\",\"target\":{\"@type\":\"EntryPoint\",\"urlTemplate\":\"https:\/\/toimintaterapiapalvelu.fi\/wp\/?s={search_term_string}\"},\"query-input\":\"required name=search_term_string\"}],\"inLanguage\":\"fi\"},{\"@type\":\"Organization\",\"@id\":\"https:\/\/toimintaterapiapalvelu.fi\/wp\/#organization\",\"name\":\"Lahden Toimintaterapiapalvelu Oy\",\"url\":\"https:\/\/toimintaterapiapalvelu.fi\/wp\/\",\"logo\":{\"@type\":\"ImageObject\",\"inLanguage\":\"fi\",\"@id\":\"https:\/\/toimintaterapiapalvelu.fi\/wp\/#\/schema\/logo\/image\/\",\"url\":\"https:\/\/toimintaterapiapalvelu.fi\/wp\/wp-content\/uploads\/2020\/11\/LOGO-txt.jpg\",\"contentUrl\":\"https:\/\/toimintaterapiapalvelu.fi\/wp\/wp-content\/uploads\/2020\/11\/LOGO-txt.jpg\",\"width\":663,\"height\":115,\"caption\":\"Lahden Toimintaterapiapalvelu Oy\"},\"image\":{\"@id\":\"https:\/\/toimintaterapiapalvelu.fi\/wp\/#\/schema\/logo\/image\/\"}}]}<\/script>\n<!-- \/ Yoast SEO plugin. -->","yoast_head_json":{"title":"Yhteystiedot - Lahden Toimintaterapiapalvelu","description":"Lahden Toimintaterapiapalvelu Oy, Vesij\u00e4rvenkatu 11 C (4.krs)15140 Lahti. www.toimintaterapiapalvelu.fi","robots":{"index":"index","follow":"follow","max-snippet":"max-snippet:-1","max-image-preview":"max-image-preview:large","max-video-preview":"max-video-preview:-1"},"canonical":"https:\/\/toimintaterapiapalvelu.fi\/wp\/?page_id=50","og_locale":"fi_FI","og_type":"article","og_title":"Yhteystiedot - Lahden Toimintaterapiapalvelu","og_description":"Lahden Toimintaterapiapalvelu Oy, Vesij\u00e4rvenkatu 11 C (4.krs)15140 Lahti. www.toimintaterapiapalvelu.fi","og_url":"https:\/\/toimintaterapiapalvelu.fi\/wp\/?page_id=50","og_site_name":"Lahden Toimintaterapiapalvelu","article_modified_time":"2024-11-11T08:16:47+00:00","twitter_card":"summary_large_image","twitter_misc":{"Arvioitu lukuaika":"1 minuutti"},"schema":{"@context":"https:\/\/schema.org","@graph":[{"@type":"WebPage","@id":"https:\/\/toimintaterapiapalvelu.fi\/wp\/?page_id=50","url":"https:\/\/toimintaterapiapalvelu.fi\/wp\/?page_id=50","name":"Yhteystiedot - Lahden Toimintaterapiapalvelu","isPartOf":{"@id":"https:\/\/toimintaterapiapalvelu.fi\/wp\/#website"},"datePublished":"2020-11-10T09:46:49+00:00","dateModified":"2024-11-11T08:16:47+00:00","description":"Lahden Toimintaterapiapalvelu Oy, Vesij\u00e4rvenkatu 11 C (4.krs)15140 Lahti. www.toimintaterapiapalvelu.fi","breadcrumb":{"@id":"https:\/\/toimintaterapiapalvelu.fi\/wp\/?page_id=50#breadcrumb"},"inLanguage":"fi","potentialAction":[{"@type":"ReadAction","target":["https:\/\/toimintaterapiapalvelu.fi\/wp\/?page_id=50"]}]},{"@type":"BreadcrumbList","@id":"https:\/\/toimintaterapiapalvelu.fi\/wp\/?page_id=50#breadcrumb","itemListElement":[{"@type":"ListItem","position":1,"name":"Etusivu","item":"https:\/\/toimintaterapiapalvelu.fi\/wp\/"},{"@type":"ListItem","position":2,"name":"Yhteystiedot"}]},{"@type":"WebSite","@id":"https:\/\/toimintaterapiapalvelu.fi\/wp\/#website","url":"https:\/\/toimintaterapiapalvelu.fi\/wp\/","name":"Lahden Toimintaterapiapalvelu Oy","description":"","publisher":{"@id":"https:\/\/toimintaterapiapalvelu.fi\/wp\/#organization"},"potentialAction":[{"@type":"SearchAction","target":{"@type":"EntryPoint","urlTemplate":"https:\/\/toimintaterapiapalvelu.fi\/wp\/?s={search_term_string}"},"query-input":"required name=search_term_string"}],"inLanguage":"fi"},{"@type":"Organization","@id":"https:\/\/toimintaterapiapalvelu.fi\/wp\/#organization","name":"Lahden Toimintaterapiapalvelu Oy","url":"https:\/\/toimintaterapiapalvelu.fi\/wp\/","logo":{"@type":"ImageObject","inLanguage":"fi","@id":"https:\/\/toimintaterapiapalvelu.fi\/wp\/#\/schema\/logo\/image\/","url":"https:\/\/toimintaterapiapalvelu.fi\/wp\/wp-content\/uploads\/2020\/11\/LOGO-txt.jpg","contentUrl":"https:\/\/toimintaterapiapalvelu.fi\/wp\/wp-content\/uploads\/2020\/11\/LOGO-txt.jpg","width":663,"height":115,"caption":"Lahden Toimintaterapiapalvelu Oy"},"image":{"@id":"https:\/\/toimintaterapiapalvelu.fi\/wp\/#\/schema\/logo\/image\/"}}]}},"_links":{"self":[{"href":"https:\/\/toimintaterapiapalvelu.fi\/wp\/index.php?rest_route=\/wp\/v2\/pages\/50"}],"collection":[{"href":"https:\/\/toimintaterapiapalvelu.fi\/wp\/index.php?rest_route=\/wp\/v2\/pages"}],"about":[{"href":"https:\/\/toimintaterapiapalvelu.fi\/wp\/index.php?rest_route=\/wp\/v2\/types\/page"}],"author":[{"embeddable":true,"href":"https:\/\/toimintaterapiapalvelu.fi\/wp\/index.php?rest_route=\/wp\/v2\/users\/1"}],"replies":[{"embeddable":true,"href":"https:\/\/toimintaterapiapalvelu.fi\/wp\/index.php?rest_route=%2Fwp%2Fv2%2Fcomments&post=50"}],"version-history":[{"count":5,"href":"https:\/\/toimintaterapiapalvelu.fi\/wp\/index.php?rest_route=\/wp\/v2\/pages\/50\/revisions"}],"predecessor-version":[{"id":146,"href":"https:\/\/toimintaterapiapalvelu.fi\/wp\/index.php?rest_route=\/wp\/v2\/pages\/50\/revisions\/146"}],"wp:attachment":[{"href":"https:\/\/toimintaterapiapalvelu.fi\/wp\/index.php?rest_route=%2Fwp%2Fv2%2Fmedia&parent=50"}],"curies":[{"name":"wp","href":"https:\/\/api.w.org\/{rel}","templated":true}]}}