{"id":48,"date":"2020-11-10T09:46:30","date_gmt":"2020-11-10T09:46:30","guid":{"rendered":"https:\/\/toimintaterapiapalvelu.fi\/wp\/?page_id=48"},"modified":"2024-05-23T09:39:53","modified_gmt":"2024-05-23T09:39:53","slug":"tyontekijat-2","status":"publish","type":"page","link":"https:\/\/toimintaterapiapalvelu.fi\/wp\/?page_id=48","title":{"rendered":"Ty\u00f6ntekij\u00e4t"},"content":{"rendered":"\n<h3>TY\u00d6NTEKIJ\u00c4T<\/h3>\n\n\n\n<hr class=\"wp-block-separator has-css-opacity\"\/>\n\n\n\n<div class=\"wp-block-media-text alignwide is-stacked-on-mobile\" style=\"grid-template-columns:19% auto\"><figure class=\"wp-block-media-text__media\"><img decoding=\"async\" loading=\"lazy\" width=\"746\" height=\"1024\" src=\"https:\/\/toimintaterapiapalvelu.fi\/wp\/wp-content\/uploads\/2020\/11\/Tarja-Lindqvist_uusi-746x1024.jpeg\" alt=\"\" class=\"wp-image-6 size-full\" srcset=\"https:\/\/toimintaterapiapalvelu.fi\/wp\/wp-content\/uploads\/2020\/11\/Tarja-Lindqvist_uusi-746x1024.jpeg 746w, https:\/\/toimintaterapiapalvelu.fi\/wp\/wp-content\/uploads\/2020\/11\/Tarja-Lindqvist_uusi-219x300.jpeg 219w, https:\/\/toimintaterapiapalvelu.fi\/wp\/wp-content\/uploads\/2020\/11\/Tarja-Lindqvist_uusi-768x1054.jpeg 768w, https:\/\/toimintaterapiapalvelu.fi\/wp\/wp-content\/uploads\/2020\/11\/Tarja-Lindqvist_uusi-1119x1536.jpeg 1119w, https:\/\/toimintaterapiapalvelu.fi\/wp\/wp-content\/uploads\/2020\/11\/Tarja-Lindqvist_uusi.jpeg 1155w\" sizes=\"(max-width: 746px) 100vw, 746px\" \/><\/figure><div class=\"wp-block-media-text__content\">\n<p><strong>Tarja Lindqvist<\/strong><br>Toimintaterapeutti (AMK)<br><br>Si-terapiakoulutus<br>Ty\u00f6kokemus lasten parissa toimintaterapeuttina yli 10 vuotta<br>p. <strong>050 5521274<\/strong><\/p>\n<\/div><\/div>\n\n\n\n<hr class=\"wp-block-separator has-css-opacity\"\/>\n\n\n\n<div class=\"wp-block-media-text alignwide is-stacked-on-mobile\" style=\"grid-template-columns:19% auto\"><figure class=\"wp-block-media-text__media\"><img decoding=\"async\" loading=\"lazy\" width=\"500\" height=\"750\" src=\"https:\/\/toimintaterapiapalvelu.fi\/wp\/wp-content\/uploads\/2020\/11\/Petra-kopiointi.jpg\" alt=\"\" class=\"wp-image-32 size-full\" srcset=\"https:\/\/toimintaterapiapalvelu.fi\/wp\/wp-content\/uploads\/2020\/11\/Petra-kopiointi.jpg 500w, https:\/\/toimintaterapiapalvelu.fi\/wp\/wp-content\/uploads\/2020\/11\/Petra-kopiointi-200x300.jpg 200w\" sizes=\"(max-width: 500px) 100vw, 500px\" \/><\/figure><div class=\"wp-block-media-text__content\">\n<p><strong>Petra Koskinen<\/strong><br>Toimintaterapeutti<br><br>Si-terapiakoulutus, Nepsy- valmentaja \/perhevalmentaja koulutukset sek\u00e4 el\u00e4inavusteisen valmentajan koulutus.<br>Ty\u00f6kokemus lasten toimintaterapeuttina yli 10 vuotta<br>p. <strong>040 1413990<\/strong><\/p>\n<\/div><\/div>\n","protected":false},"excerpt":{"rendered":"<p>TY\u00d6NTEKIJ\u00c4T Tarja LindqvistToimintaterapeutti (AMK) Si-terapiakoulutusTy\u00f6kokemus lasten parissa toimintaterapeuttina yli 10 vuottap. 050 5521274 Petra KoskinenToimintaterapeutti Si-terapiakoulutus, Nepsy- valmentaja \/perhevalmentaja koulutukset sek\u00e4 el\u00e4inavusteisen valmentajan koulutus.Ty\u00f6kokemus lasten toimintaterapeuttina yli 10 vuottap. 040 1413990<\/p>\n","protected":false},"author":1,"featured_media":0,"parent":0,"menu_order":0,"comment_status":"closed","ping_status":"closed","template":"","meta":[],"yoast_head":"<!-- This site is optimized with the Yoast SEO plugin v19.9 - https:\/\/yoast.com\/wordpress\/plugins\/seo\/ -->\n<title>Ty\u00f6ntekij\u00e4t - Lahden Toimintaterapiapalvelu<\/title>\n<meta name=\"description\" content=\"Toimintaterapeuttimme tekev\u00e4t tiivist\u00e4 yhteisty\u00f6t\u00e4 kodin, p\u00e4iv\u00e4hoidon ja koulun kanssa.\" \/>\n<meta name=\"robots\" content=\"index, follow, max-snippet:-1, max-image-preview:large, max-video-preview:-1\" \/>\n<link rel=\"canonical\" href=\"https:\/\/toimintaterapiapalvelu.fi\/wp\/?page_id=48\" \/>\n<meta property=\"og:locale\" content=\"fi_FI\" \/>\n<meta property=\"og:type\" content=\"article\" \/>\n<meta property=\"og:title\" content=\"Ty\u00f6ntekij\u00e4t - Lahden Toimintaterapiapalvelu\" \/>\n<meta property=\"og:description\" content=\"Toimintaterapeuttimme tekev\u00e4t tiivist\u00e4 yhteisty\u00f6t\u00e4 kodin, p\u00e4iv\u00e4hoidon ja koulun kanssa.\" \/>\n<meta property=\"og:url\" content=\"https:\/\/toimintaterapiapalvelu.fi\/wp\/?page_id=48\" \/>\n<meta property=\"og:site_name\" content=\"Lahden Toimintaterapiapalvelu\" \/>\n<meta property=\"article:modified_time\" content=\"2024-05-23T09:39:53+00:00\" \/>\n<meta property=\"og:image\" content=\"https:\/\/toimintaterapiapalvelu.fi\/wp\/wp-content\/uploads\/2020\/11\/Tarja-Lindqvist_uusi-746x1024.jpeg\" \/>\n<meta name=\"twitter:card\" content=\"summary_large_image\" \/>\n<meta name=\"twitter:label1\" content=\"Arvioitu lukuaika\" \/>\n\t<meta name=\"twitter:data1\" content=\"1 minuutti\" \/>\n<script type=\"application\/ld+json\" class=\"yoast-schema-graph\">{\"@context\":\"https:\/\/schema.org\",\"@graph\":[{\"@type\":\"WebPage\",\"@id\":\"https:\/\/toimintaterapiapalvelu.fi\/wp\/?page_id=48\",\"url\":\"https:\/\/toimintaterapiapalvelu.fi\/wp\/?page_id=48\",\"name\":\"Ty\u00f6ntekij\u00e4t - Lahden Toimintaterapiapalvelu\",\"isPartOf\":{\"@id\":\"https:\/\/toimintaterapiapalvelu.fi\/wp\/#website\"},\"datePublished\":\"2020-11-10T09:46:30+00:00\",\"dateModified\":\"2024-05-23T09:39:53+00:00\",\"description\":\"Toimintaterapeuttimme tekev\u00e4t tiivist\u00e4 yhteisty\u00f6t\u00e4 kodin, p\u00e4iv\u00e4hoidon ja koulun kanssa.\",\"breadcrumb\":{\"@id\":\"https:\/\/toimintaterapiapalvelu.fi\/wp\/?page_id=48#breadcrumb\"},\"inLanguage\":\"fi\",\"potentialAction\":[{\"@type\":\"ReadAction\",\"target\":[\"https:\/\/toimintaterapiapalvelu.fi\/wp\/?page_id=48\"]}]},{\"@type\":\"BreadcrumbList\",\"@id\":\"https:\/\/toimintaterapiapalvelu.fi\/wp\/?page_id=48#breadcrumb\",\"itemListElement\":[{\"@type\":\"ListItem\",\"position\":1,\"name\":\"Etusivu\",\"item\":\"https:\/\/toimintaterapiapalvelu.fi\/wp\/\"},{\"@type\":\"ListItem\",\"position\":2,\"name\":\"Ty\u00f6ntekij\u00e4t\"}]},{\"@type\":\"WebSite\",\"@id\":\"https:\/\/toimintaterapiapalvelu.fi\/wp\/#website\",\"url\":\"https:\/\/toimintaterapiapalvelu.fi\/wp\/\",\"name\":\"Lahden Toimintaterapiapalvelu Oy\",\"description\":\"\",\"publisher\":{\"@id\":\"https:\/\/toimintaterapiapalvelu.fi\/wp\/#organization\"},\"potentialAction\":[{\"@type\":\"SearchAction\",\"target\":{\"@type\":\"EntryPoint\",\"urlTemplate\":\"https:\/\/toimintaterapiapalvelu.fi\/wp\/?s={search_term_string}\"},\"query-input\":\"required name=search_term_string\"}],\"inLanguage\":\"fi\"},{\"@type\":\"Organization\",\"@id\":\"https:\/\/toimintaterapiapalvelu.fi\/wp\/#organization\",\"name\":\"Lahden Toimintaterapiapalvelu Oy\",\"url\":\"https:\/\/toimintaterapiapalvelu.fi\/wp\/\",\"logo\":{\"@type\":\"ImageObject\",\"inLanguage\":\"fi\",\"@id\":\"https:\/\/toimintaterapiapalvelu.fi\/wp\/#\/schema\/logo\/image\/\",\"url\":\"https:\/\/toimintaterapiapalvelu.fi\/wp\/wp-content\/uploads\/2020\/11\/LOGO-txt.jpg\",\"contentUrl\":\"https:\/\/toimintaterapiapalvelu.fi\/wp\/wp-content\/uploads\/2020\/11\/LOGO-txt.jpg\",\"width\":663,\"height\":115,\"caption\":\"Lahden Toimintaterapiapalvelu Oy\"},\"image\":{\"@id\":\"https:\/\/toimintaterapiapalvelu.fi\/wp\/#\/schema\/logo\/image\/\"}}]}<\/script>\n<!-- \/ Yoast SEO plugin. -->","yoast_head_json":{"title":"Ty\u00f6ntekij\u00e4t - Lahden Toimintaterapiapalvelu","description":"Toimintaterapeuttimme tekev\u00e4t tiivist\u00e4 yhteisty\u00f6t\u00e4 kodin, p\u00e4iv\u00e4hoidon ja koulun kanssa.","robots":{"index":"index","follow":"follow","max-snippet":"max-snippet:-1","max-image-preview":"max-image-preview:large","max-video-preview":"max-video-preview:-1"},"canonical":"https:\/\/toimintaterapiapalvelu.fi\/wp\/?page_id=48","og_locale":"fi_FI","og_type":"article","og_title":"Ty\u00f6ntekij\u00e4t - Lahden Toimintaterapiapalvelu","og_description":"Toimintaterapeuttimme tekev\u00e4t tiivist\u00e4 yhteisty\u00f6t\u00e4 kodin, p\u00e4iv\u00e4hoidon ja koulun kanssa.","og_url":"https:\/\/toimintaterapiapalvelu.fi\/wp\/?page_id=48","og_site_name":"Lahden Toimintaterapiapalvelu","article_modified_time":"2024-05-23T09:39:53+00:00","og_image":[{"url":"https:\/\/toimintaterapiapalvelu.fi\/wp\/wp-content\/uploads\/2020\/11\/Tarja-Lindqvist_uusi-746x1024.jpeg"}],"twitter_card":"summary_large_image","twitter_misc":{"Arvioitu lukuaika":"1 minuutti"},"schema":{"@context":"https:\/\/schema.org","@graph":[{"@type":"WebPage","@id":"https:\/\/toimintaterapiapalvelu.fi\/wp\/?page_id=48","url":"https:\/\/toimintaterapiapalvelu.fi\/wp\/?page_id=48","name":"Ty\u00f6ntekij\u00e4t - Lahden Toimintaterapiapalvelu","isPartOf":{"@id":"https:\/\/toimintaterapiapalvelu.fi\/wp\/#website"},"datePublished":"2020-11-10T09:46:30+00:00","dateModified":"2024-05-23T09:39:53+00:00","description":"Toimintaterapeuttimme tekev\u00e4t tiivist\u00e4 yhteisty\u00f6t\u00e4 kodin, p\u00e4iv\u00e4hoidon ja koulun kanssa.","breadcrumb":{"@id":"https:\/\/toimintaterapiapalvelu.fi\/wp\/?page_id=48#breadcrumb"},"inLanguage":"fi","potentialAction":[{"@type":"ReadAction","target":["https:\/\/toimintaterapiapalvelu.fi\/wp\/?page_id=48"]}]},{"@type":"BreadcrumbList","@id":"https:\/\/toimintaterapiapalvelu.fi\/wp\/?page_id=48#breadcrumb","itemListElement":[{"@type":"ListItem","position":1,"name":"Etusivu","item":"https:\/\/toimintaterapiapalvelu.fi\/wp\/"},{"@type":"ListItem","position":2,"name":"Ty\u00f6ntekij\u00e4t"}]},{"@type":"WebSite","@id":"https:\/\/toimintaterapiapalvelu.fi\/wp\/#website","url":"https:\/\/toimintaterapiapalvelu.fi\/wp\/","name":"Lahden Toimintaterapiapalvelu Oy","description":"","publisher":{"@id":"https:\/\/toimintaterapiapalvelu.fi\/wp\/#organization"},"potentialAction":[{"@type":"SearchAction","target":{"@type":"EntryPoint","urlTemplate":"https:\/\/toimintaterapiapalvelu.fi\/wp\/?s={search_term_string}"},"query-input":"required name=search_term_string"}],"inLanguage":"fi"},{"@type":"Organization","@id":"https:\/\/toimintaterapiapalvelu.fi\/wp\/#organization","name":"Lahden Toimintaterapiapalvelu Oy","url":"https:\/\/toimintaterapiapalvelu.fi\/wp\/","logo":{"@type":"ImageObject","inLanguage":"fi","@id":"https:\/\/toimintaterapiapalvelu.fi\/wp\/#\/schema\/logo\/image\/","url":"https:\/\/toimintaterapiapalvelu.fi\/wp\/wp-content\/uploads\/2020\/11\/LOGO-txt.jpg","contentUrl":"https:\/\/toimintaterapiapalvelu.fi\/wp\/wp-content\/uploads\/2020\/11\/LOGO-txt.jpg","width":663,"height":115,"caption":"Lahden Toimintaterapiapalvelu Oy"},"image":{"@id":"https:\/\/toimintaterapiapalvelu.fi\/wp\/#\/schema\/logo\/image\/"}}]}},"_links":{"self":[{"href":"https:\/\/toimintaterapiapalvelu.fi\/wp\/index.php?rest_route=\/wp\/v2\/pages\/48"}],"collection":[{"href":"https:\/\/toimintaterapiapalvelu.fi\/wp\/index.php?rest_route=\/wp\/v2\/pages"}],"about":[{"href":"https:\/\/toimintaterapiapalvelu.fi\/wp\/index.php?rest_route=\/wp\/v2\/types\/page"}],"author":[{"embeddable":true,"href":"https:\/\/toimintaterapiapalvelu.fi\/wp\/index.php?rest_route=\/wp\/v2\/users\/1"}],"replies":[{"embeddable":true,"href":"https:\/\/toimintaterapiapalvelu.fi\/wp\/index.php?rest_route=%2Fwp%2Fv2%2Fcomments&post=48"}],"version-history":[{"count":7,"href":"https:\/\/toimintaterapiapalvelu.fi\/wp\/index.php?rest_route=\/wp\/v2\/pages\/48\/revisions"}],"predecessor-version":[{"id":141,"href":"https:\/\/toimintaterapiapalvelu.fi\/wp\/index.php?rest_route=\/wp\/v2\/pages\/48\/revisions\/141"}],"wp:attachment":[{"href":"https:\/\/toimintaterapiapalvelu.fi\/wp\/index.php?rest_route=%2Fwp%2Fv2%2Fmedia&parent=48"}],"curies":[{"name":"wp","href":"https:\/\/api.w.org\/{rel}","templated":true}]}}