{"id":46,"date":"2020-11-10T09:46:10","date_gmt":"2020-11-10T09:46:10","guid":{"rendered":"https:\/\/toimintaterapiapalvelu.fi\/wp\/?page_id=46"},"modified":"2020-11-10T12:22:27","modified_gmt":"2020-11-10T12:22:27","slug":"tilat","status":"publish","type":"page","link":"https:\/\/toimintaterapiapalvelu.fi\/wp\/?page_id=46","title":{"rendered":"Tilat"},"content":{"rendered":"\n<h3><strong>TILAT<\/strong><\/h3>\n\n\n\n<p>K\u00e4yt\u00f6ss\u00e4mme on monipuoliset ja muunneltavat tilat sensorisen integraation- terapiav\u00e4lineist\u00f6ineen.<\/p>\n\n\n\n<figure class=\"is-layout-flex wp-block-gallery-1 wp-block-gallery columns-3 is-cropped\"><ul class=\"blocks-gallery-grid\"><li class=\"blocks-gallery-item\"><figure><img decoding=\"async\" loading=\"lazy\" width=\"1024\" height=\"768\" src=\"https:\/\/toimintaterapiapalvelu.fi\/wp\/wp-content\/uploads\/2020\/11\/terapiahuone6-1024x768.jpg\" alt=\"\" data-id=\"14\" data-full-url=\"https:\/\/toimintaterapiapalvelu.fi\/wp\/wp-content\/uploads\/2020\/11\/terapiahuone6.jpg\" data-link=\"https:\/\/toimintaterapiapalvelu.fi\/wp\/?attachment_id=14\" class=\"wp-image-14\" srcset=\"https:\/\/toimintaterapiapalvelu.fi\/wp\/wp-content\/uploads\/2020\/11\/terapiahuone6-1024x768.jpg 1024w, https:\/\/toimintaterapiapalvelu.fi\/wp\/wp-content\/uploads\/2020\/11\/terapiahuone6-300x225.jpg 300w, https:\/\/toimintaterapiapalvelu.fi\/wp\/wp-content\/uploads\/2020\/11\/terapiahuone6-768x576.jpg 768w, https:\/\/toimintaterapiapalvelu.fi\/wp\/wp-content\/uploads\/2020\/11\/terapiahuone6-1536x1152.jpg 1536w, https:\/\/toimintaterapiapalvelu.fi\/wp\/wp-content\/uploads\/2020\/11\/terapiahuone6.jpg 1600w\" sizes=\"(max-width: 1024px) 100vw, 1024px\" \/><\/figure><\/li><li class=\"blocks-gallery-item\"><figure><img decoding=\"async\" loading=\"lazy\" width=\"600\" height=\"900\" src=\"https:\/\/toimintaterapiapalvelu.fi\/wp\/wp-content\/uploads\/2020\/11\/rengas.jpg\" alt=\"\" data-id=\"34\" data-full-url=\"https:\/\/toimintaterapiapalvelu.fi\/wp\/wp-content\/uploads\/2020\/11\/rengas.jpg\" data-link=\"https:\/\/toimintaterapiapalvelu.fi\/wp\/?attachment_id=34\" class=\"wp-image-34\" srcset=\"https:\/\/toimintaterapiapalvelu.fi\/wp\/wp-content\/uploads\/2020\/11\/rengas.jpg 600w, https:\/\/toimintaterapiapalvelu.fi\/wp\/wp-content\/uploads\/2020\/11\/rengas-200x300.jpg 200w\" sizes=\"(max-width: 600px) 100vw, 600px\" \/><\/figure><\/li><li class=\"blocks-gallery-item\"><figure><img decoding=\"async\" loading=\"lazy\" width=\"683\" height=\"1024\" src=\"https:\/\/toimintaterapiapalvelu.fi\/wp\/wp-content\/uploads\/2020\/11\/rapu-683x1024.jpg\" alt=\"\" data-id=\"33\" data-full-url=\"https:\/\/toimintaterapiapalvelu.fi\/wp\/wp-content\/uploads\/2020\/11\/rapu.jpg\" data-link=\"https:\/\/toimintaterapiapalvelu.fi\/wp\/?attachment_id=33\" class=\"wp-image-33\" srcset=\"https:\/\/toimintaterapiapalvelu.fi\/wp\/wp-content\/uploads\/2020\/11\/rapu-683x1024.jpg 683w, https:\/\/toimintaterapiapalvelu.fi\/wp\/wp-content\/uploads\/2020\/11\/rapu-200x300.jpg 200w, https:\/\/toimintaterapiapalvelu.fi\/wp\/wp-content\/uploads\/2020\/11\/rapu-768x1152.jpg 768w, https:\/\/toimintaterapiapalvelu.fi\/wp\/wp-content\/uploads\/2020\/11\/rapu.jpg 800w\" sizes=\"(max-width: 683px) 100vw, 683px\" \/><\/figure><\/li><li class=\"blocks-gallery-item\"><figure><img decoding=\"async\" loading=\"lazy\" width=\"683\" height=\"1024\" src=\"https:\/\/toimintaterapiapalvelu.fi\/wp\/wp-content\/uploads\/2020\/11\/pesukarhu-683x1024.jpg\" alt=\"\" data-id=\"31\" data-full-url=\"https:\/\/toimintaterapiapalvelu.fi\/wp\/wp-content\/uploads\/2020\/11\/pesukarhu.jpg\" data-link=\"https:\/\/toimintaterapiapalvelu.fi\/wp\/?attachment_id=31\" class=\"wp-image-31\" srcset=\"https:\/\/toimintaterapiapalvelu.fi\/wp\/wp-content\/uploads\/2020\/11\/pesukarhu-683x1024.jpg 683w, https:\/\/toimintaterapiapalvelu.fi\/wp\/wp-content\/uploads\/2020\/11\/pesukarhu-200x300.jpg 200w, https:\/\/toimintaterapiapalvelu.fi\/wp\/wp-content\/uploads\/2020\/11\/pesukarhu-768x1152.jpg 768w, https:\/\/toimintaterapiapalvelu.fi\/wp\/wp-content\/uploads\/2020\/11\/pesukarhu.jpg 800w\" sizes=\"(max-width: 683px) 100vw, 683px\" \/><\/figure><\/li><li class=\"blocks-gallery-item\"><figure><img decoding=\"async\" loading=\"lazy\" width=\"1024\" height=\"683\" src=\"https:\/\/toimintaterapiapalvelu.fi\/wp\/wp-content\/uploads\/2020\/11\/pallot-1024x683.jpg\" alt=\"\" data-id=\"30\" data-full-url=\"https:\/\/toimintaterapiapalvelu.fi\/wp\/wp-content\/uploads\/2020\/11\/pallot.jpg\" data-link=\"https:\/\/toimintaterapiapalvelu.fi\/wp\/?attachment_id=30\" class=\"wp-image-30\" srcset=\"https:\/\/toimintaterapiapalvelu.fi\/wp\/wp-content\/uploads\/2020\/11\/pallot-1024x683.jpg 1024w, https:\/\/toimintaterapiapalvelu.fi\/wp\/wp-content\/uploads\/2020\/11\/pallot-300x200.jpg 300w, https:\/\/toimintaterapiapalvelu.fi\/wp\/wp-content\/uploads\/2020\/11\/pallot-768x512.jpg 768w, https:\/\/toimintaterapiapalvelu.fi\/wp\/wp-content\/uploads\/2020\/11\/pallot.jpg 1200w\" sizes=\"(max-width: 1024px) 100vw, 1024px\" \/><\/figure><\/li><li class=\"blocks-gallery-item\"><figure><img decoding=\"async\" loading=\"lazy\" width=\"683\" height=\"1024\" src=\"https:\/\/toimintaterapiapalvelu.fi\/wp\/wp-content\/uploads\/2020\/11\/mato-683x1024.jpg\" alt=\"\" data-id=\"28\" data-full-url=\"https:\/\/toimintaterapiapalvelu.fi\/wp\/wp-content\/uploads\/2020\/11\/mato.jpg\" data-link=\"https:\/\/toimintaterapiapalvelu.fi\/wp\/?attachment_id=28\" class=\"wp-image-28\" srcset=\"https:\/\/toimintaterapiapalvelu.fi\/wp\/wp-content\/uploads\/2020\/11\/mato-683x1024.jpg 683w, https:\/\/toimintaterapiapalvelu.fi\/wp\/wp-content\/uploads\/2020\/11\/mato-200x300.jpg 200w, https:\/\/toimintaterapiapalvelu.fi\/wp\/wp-content\/uploads\/2020\/11\/mato-768x1152.jpg 768w, https:\/\/toimintaterapiapalvelu.fi\/wp\/wp-content\/uploads\/2020\/11\/mato.jpg 800w\" sizes=\"(max-width: 683px) 100vw, 683px\" \/><\/figure><\/li><li class=\"blocks-gallery-item\"><figure><img decoding=\"async\" loading=\"lazy\" width=\"1024\" height=\"768\" src=\"https:\/\/toimintaterapiapalvelu.fi\/wp\/wp-content\/uploads\/2020\/11\/unnamed2-1024x768.jpg\" alt=\"\" data-id=\"22\" data-full-url=\"https:\/\/toimintaterapiapalvelu.fi\/wp\/wp-content\/uploads\/2020\/11\/unnamed2.jpg\" data-link=\"https:\/\/toimintaterapiapalvelu.fi\/wp\/?attachment_id=22\" class=\"wp-image-22\" srcset=\"https:\/\/toimintaterapiapalvelu.fi\/wp\/wp-content\/uploads\/2020\/11\/unnamed2-1024x768.jpg 1024w, https:\/\/toimintaterapiapalvelu.fi\/wp\/wp-content\/uploads\/2020\/11\/unnamed2-300x225.jpg 300w, https:\/\/toimintaterapiapalvelu.fi\/wp\/wp-content\/uploads\/2020\/11\/unnamed2-768x576.jpg 768w, https:\/\/toimintaterapiapalvelu.fi\/wp\/wp-content\/uploads\/2020\/11\/unnamed2-1536x1152.jpg 1536w, https:\/\/toimintaterapiapalvelu.fi\/wp\/wp-content\/uploads\/2020\/11\/unnamed2.jpg 1600w\" sizes=\"(max-width: 1024px) 100vw, 1024px\" \/><\/figure><\/li><li class=\"blocks-gallery-item\"><figure><img decoding=\"async\" loading=\"lazy\" width=\"768\" height=\"1024\" src=\"https:\/\/toimintaterapiapalvelu.fi\/wp\/wp-content\/uploads\/2020\/11\/unnamed3-768x1024.jpg\" alt=\"\" data-id=\"23\" data-full-url=\"https:\/\/toimintaterapiapalvelu.fi\/wp\/wp-content\/uploads\/2020\/11\/unnamed3.jpg\" data-link=\"https:\/\/toimintaterapiapalvelu.fi\/wp\/?attachment_id=23\" class=\"wp-image-23\" srcset=\"https:\/\/toimintaterapiapalvelu.fi\/wp\/wp-content\/uploads\/2020\/11\/unnamed3-768x1024.jpg 768w, https:\/\/toimintaterapiapalvelu.fi\/wp\/wp-content\/uploads\/2020\/11\/unnamed3-225x300.jpg 225w, https:\/\/toimintaterapiapalvelu.fi\/wp\/wp-content\/uploads\/2020\/11\/unnamed3-1152x1536.jpg 1152w, https:\/\/toimintaterapiapalvelu.fi\/wp\/wp-content\/uploads\/2020\/11\/unnamed3.jpg 1200w\" sizes=\"(max-width: 768px) 100vw, 768px\" \/><\/figure><\/li><li class=\"blocks-gallery-item\"><figure><img decoding=\"async\" loading=\"lazy\" width=\"1024\" height=\"768\" src=\"https:\/\/toimintaterapiapalvelu.fi\/wp\/wp-content\/uploads\/2020\/11\/unnamed4-1024x768.jpg\" alt=\"\" data-id=\"24\" data-full-url=\"https:\/\/toimintaterapiapalvelu.fi\/wp\/wp-content\/uploads\/2020\/11\/unnamed4.jpg\" data-link=\"https:\/\/toimintaterapiapalvelu.fi\/wp\/?attachment_id=24\" class=\"wp-image-24\" srcset=\"https:\/\/toimintaterapiapalvelu.fi\/wp\/wp-content\/uploads\/2020\/11\/unnamed4-1024x768.jpg 1024w, https:\/\/toimintaterapiapalvelu.fi\/wp\/wp-content\/uploads\/2020\/11\/unnamed4-300x225.jpg 300w, https:\/\/toimintaterapiapalvelu.fi\/wp\/wp-content\/uploads\/2020\/11\/unnamed4-768x576.jpg 768w, https:\/\/toimintaterapiapalvelu.fi\/wp\/wp-content\/uploads\/2020\/11\/unnamed4-1536x1152.jpg 1536w, https:\/\/toimintaterapiapalvelu.fi\/wp\/wp-content\/uploads\/2020\/11\/unnamed4.jpg 1600w\" sizes=\"(max-width: 1024px) 100vw, 1024px\" \/><\/figure><\/li><li class=\"blocks-gallery-item\"><figure><img decoding=\"async\" loading=\"lazy\" width=\"768\" height=\"1024\" src=\"https:\/\/toimintaterapiapalvelu.fi\/wp\/wp-content\/uploads\/2020\/11\/terapiahuone8-768x1024.jpg\" alt=\"\" data-id=\"16\" data-full-url=\"https:\/\/toimintaterapiapalvelu.fi\/wp\/wp-content\/uploads\/2020\/11\/terapiahuone8.jpg\" data-link=\"https:\/\/toimintaterapiapalvelu.fi\/wp\/?attachment_id=16\" class=\"wp-image-16\" srcset=\"https:\/\/toimintaterapiapalvelu.fi\/wp\/wp-content\/uploads\/2020\/11\/terapiahuone8-768x1024.jpg 768w, https:\/\/toimintaterapiapalvelu.fi\/wp\/wp-content\/uploads\/2020\/11\/terapiahuone8-225x300.jpg 225w, https:\/\/toimintaterapiapalvelu.fi\/wp\/wp-content\/uploads\/2020\/11\/terapiahuone8-1152x1536.jpg 1152w, https:\/\/toimintaterapiapalvelu.fi\/wp\/wp-content\/uploads\/2020\/11\/terapiahuone8.jpg 1200w\" sizes=\"(max-width: 768px) 100vw, 768px\" \/><\/figure><\/li><li class=\"blocks-gallery-item\"><figure><img decoding=\"async\" loading=\"lazy\" width=\"1024\" height=\"683\" src=\"https:\/\/toimintaterapiapalvelu.fi\/wp\/wp-content\/uploads\/2020\/11\/terapiahuone-1024x683.jpg\" alt=\"\" data-id=\"10\" data-full-url=\"https:\/\/toimintaterapiapalvelu.fi\/wp\/wp-content\/uploads\/2020\/11\/terapiahuone.jpg\" data-link=\"https:\/\/toimintaterapiapalvelu.fi\/wp\/?attachment_id=10\" class=\"wp-image-10\" srcset=\"https:\/\/toimintaterapiapalvelu.fi\/wp\/wp-content\/uploads\/2020\/11\/terapiahuone-1024x683.jpg 1024w, https:\/\/toimintaterapiapalvelu.fi\/wp\/wp-content\/uploads\/2020\/11\/terapiahuone-300x200.jpg 300w, https:\/\/toimintaterapiapalvelu.fi\/wp\/wp-content\/uploads\/2020\/11\/terapiahuone-768x512.jpg 768w, https:\/\/toimintaterapiapalvelu.fi\/wp\/wp-content\/uploads\/2020\/11\/terapiahuone.jpg 1200w\" sizes=\"(max-width: 1024px) 100vw, 1024px\" \/><\/figure><\/li><li class=\"blocks-gallery-item\"><figure><img decoding=\"async\" loading=\"lazy\" width=\"1024\" height=\"755\" src=\"https:\/\/toimintaterapiapalvelu.fi\/wp\/wp-content\/uploads\/2020\/11\/terapiahuone-12-1024x755.jpg\" alt=\"\" data-id=\"9\" data-full-url=\"https:\/\/toimintaterapiapalvelu.fi\/wp\/wp-content\/uploads\/2020\/11\/terapiahuone-12-scaled.jpg\" data-link=\"https:\/\/toimintaterapiapalvelu.fi\/wp\/?attachment_id=9\" class=\"wp-image-9\" srcset=\"https:\/\/toimintaterapiapalvelu.fi\/wp\/wp-content\/uploads\/2020\/11\/terapiahuone-12-1024x755.jpg 1024w, https:\/\/toimintaterapiapalvelu.fi\/wp\/wp-content\/uploads\/2020\/11\/terapiahuone-12-300x221.jpg 300w, https:\/\/toimintaterapiapalvelu.fi\/wp\/wp-content\/uploads\/2020\/11\/terapiahuone-12-768x566.jpg 768w, https:\/\/toimintaterapiapalvelu.fi\/wp\/wp-content\/uploads\/2020\/11\/terapiahuone-12-1536x1133.jpg 1536w, https:\/\/toimintaterapiapalvelu.fi\/wp\/wp-content\/uploads\/2020\/11\/terapiahuone-12-2048x1510.jpg 2048w\" sizes=\"(max-width: 1024px) 100vw, 1024px\" \/><\/figure><\/li><li class=\"blocks-gallery-item\"><figure><img decoding=\"async\" loading=\"lazy\" width=\"1024\" height=\"683\" src=\"https:\/\/toimintaterapiapalvelu.fi\/wp\/wp-content\/uploads\/2020\/11\/seastar-1024x683.jpg\" alt=\"\" data-id=\"5\" data-full-url=\"https:\/\/toimintaterapiapalvelu.fi\/wp\/wp-content\/uploads\/2020\/11\/seastar.jpg\" data-link=\"https:\/\/toimintaterapiapalvelu.fi\/wp\/?attachment_id=5\" class=\"wp-image-5\" srcset=\"https:\/\/toimintaterapiapalvelu.fi\/wp\/wp-content\/uploads\/2020\/11\/seastar-1024x683.jpg 1024w, https:\/\/toimintaterapiapalvelu.fi\/wp\/wp-content\/uploads\/2020\/11\/seastar-300x200.jpg 300w, https:\/\/toimintaterapiapalvelu.fi\/wp\/wp-content\/uploads\/2020\/11\/seastar-768x512.jpg 768w, https:\/\/toimintaterapiapalvelu.fi\/wp\/wp-content\/uploads\/2020\/11\/seastar.jpg 1200w\" sizes=\"(max-width: 1024px) 100vw, 1024px\" \/><\/figure><\/li><li class=\"blocks-gallery-item\"><figure><img decoding=\"async\" loading=\"lazy\" width=\"1024\" height=\"768\" src=\"https:\/\/toimintaterapiapalvelu.fi\/wp\/wp-content\/uploads\/2020\/11\/terapiahuone-10-1024x768.jpg\" alt=\"\" data-id=\"7\" data-full-url=\"https:\/\/toimintaterapiapalvelu.fi\/wp\/wp-content\/uploads\/2020\/11\/terapiahuone-10.jpg\" data-link=\"https:\/\/toimintaterapiapalvelu.fi\/wp\/?attachment_id=7\" class=\"wp-image-7\" srcset=\"https:\/\/toimintaterapiapalvelu.fi\/wp\/wp-content\/uploads\/2020\/11\/terapiahuone-10-1024x768.jpg 1024w, https:\/\/toimintaterapiapalvelu.fi\/wp\/wp-content\/uploads\/2020\/11\/terapiahuone-10-300x225.jpg 300w, https:\/\/toimintaterapiapalvelu.fi\/wp\/wp-content\/uploads\/2020\/11\/terapiahuone-10-768x576.jpg 768w, https:\/\/toimintaterapiapalvelu.fi\/wp\/wp-content\/uploads\/2020\/11\/terapiahuone-10-1536x1152.jpg 1536w, https:\/\/toimintaterapiapalvelu.fi\/wp\/wp-content\/uploads\/2020\/11\/terapiahuone-10.jpg 1600w\" sizes=\"(max-width: 1024px) 100vw, 1024px\" \/><\/figure><\/li><li class=\"blocks-gallery-item\"><figure><img decoding=\"async\" loading=\"lazy\" width=\"1024\" height=\"768\" src=\"https:\/\/toimintaterapiapalvelu.fi\/wp\/wp-content\/uploads\/2020\/11\/terapiahuone-11-1024x768.jpg\" alt=\"\" data-id=\"8\" data-full-url=\"https:\/\/toimintaterapiapalvelu.fi\/wp\/wp-content\/uploads\/2020\/11\/terapiahuone-11.jpg\" data-link=\"https:\/\/toimintaterapiapalvelu.fi\/wp\/?attachment_id=8\" class=\"wp-image-8\" srcset=\"https:\/\/toimintaterapiapalvelu.fi\/wp\/wp-content\/uploads\/2020\/11\/terapiahuone-11-1024x768.jpg 1024w, https:\/\/toimintaterapiapalvelu.fi\/wp\/wp-content\/uploads\/2020\/11\/terapiahuone-11-300x225.jpg 300w, https:\/\/toimintaterapiapalvelu.fi\/wp\/wp-content\/uploads\/2020\/11\/terapiahuone-11-768x576.jpg 768w, https:\/\/toimintaterapiapalvelu.fi\/wp\/wp-content\/uploads\/2020\/11\/terapiahuone-11-1536x1152.jpg 1536w, https:\/\/toimintaterapiapalvelu.fi\/wp\/wp-content\/uploads\/2020\/11\/terapiahuone-11.jpg 1600w\" sizes=\"(max-width: 1024px) 100vw, 1024px\" \/><\/figure><\/li><\/ul><\/figure>\n","protected":false},"excerpt":{"rendered":"<p>TILAT K\u00e4yt\u00f6ss\u00e4mme on monipuoliset ja muunneltavat tilat sensorisen integraation- terapiav\u00e4lineist\u00f6ineen.<\/p>\n","protected":false},"author":1,"featured_media":0,"parent":0,"menu_order":0,"comment_status":"closed","ping_status":"closed","template":"","meta":[],"yoast_head":"<!-- This site is optimized with the Yoast SEO plugin v19.9 - https:\/\/yoast.com\/wordpress\/plugins\/seo\/ -->\n<title>Tilat - Lahden Toimintaterapiapalvelu<\/title>\n<meta name=\"description\" content=\"K\u00e4yt\u00f6ss\u00e4mme on monipuoliset ja muunneltavat tilat sensorisen integraation- terapiav\u00e4lineist\u00f6ineen.\" \/>\n<meta name=\"robots\" content=\"index, follow, max-snippet:-1, max-image-preview:large, max-video-preview:-1\" \/>\n<link rel=\"canonical\" href=\"https:\/\/toimintaterapiapalvelu.fi\/wp\/?page_id=46\" \/>\n<meta property=\"og:locale\" content=\"fi_FI\" \/>\n<meta property=\"og:type\" content=\"article\" \/>\n<meta property=\"og:title\" content=\"Tilat - Lahden Toimintaterapiapalvelu\" \/>\n<meta property=\"og:description\" content=\"K\u00e4yt\u00f6ss\u00e4mme on monipuoliset ja muunneltavat tilat sensorisen integraation- terapiav\u00e4lineist\u00f6ineen.\" \/>\n<meta property=\"og:url\" content=\"https:\/\/toimintaterapiapalvelu.fi\/wp\/?page_id=46\" \/>\n<meta property=\"og:site_name\" content=\"Lahden Toimintaterapiapalvelu\" \/>\n<meta property=\"article:modified_time\" content=\"2020-11-10T12:22:27+00:00\" \/>\n<meta property=\"og:image\" content=\"https:\/\/toimintaterapiapalvelu.fi\/wp\/wp-content\/uploads\/2020\/11\/terapiahuone6-1024x768.jpg\" \/>\n<meta name=\"twitter:card\" content=\"summary_large_image\" \/>\n<script type=\"application\/ld+json\" class=\"yoast-schema-graph\">{\"@context\":\"https:\/\/schema.org\",\"@graph\":[{\"@type\":\"WebPage\",\"@id\":\"https:\/\/toimintaterapiapalvelu.fi\/wp\/?page_id=46\",\"url\":\"https:\/\/toimintaterapiapalvelu.fi\/wp\/?page_id=46\",\"name\":\"Tilat - Lahden Toimintaterapiapalvelu\",\"isPartOf\":{\"@id\":\"https:\/\/toimintaterapiapalvelu.fi\/wp\/#website\"},\"datePublished\":\"2020-11-10T09:46:10+00:00\",\"dateModified\":\"2020-11-10T12:22:27+00:00\",\"description\":\"K\u00e4yt\u00f6ss\u00e4mme on monipuoliset ja muunneltavat tilat sensorisen integraation- terapiav\u00e4lineist\u00f6ineen.\",\"breadcrumb\":{\"@id\":\"https:\/\/toimintaterapiapalvelu.fi\/wp\/?page_id=46#breadcrumb\"},\"inLanguage\":\"fi\",\"potentialAction\":[{\"@type\":\"ReadAction\",\"target\":[\"https:\/\/toimintaterapiapalvelu.fi\/wp\/?page_id=46\"]}]},{\"@type\":\"BreadcrumbList\",\"@id\":\"https:\/\/toimintaterapiapalvelu.fi\/wp\/?page_id=46#breadcrumb\",\"itemListElement\":[{\"@type\":\"ListItem\",\"position\":1,\"name\":\"Etusivu\",\"item\":\"https:\/\/toimintaterapiapalvelu.fi\/wp\/\"},{\"@type\":\"ListItem\",\"position\":2,\"name\":\"Tilat\"}]},{\"@type\":\"WebSite\",\"@id\":\"https:\/\/toimintaterapiapalvelu.fi\/wp\/#website\",\"url\":\"https:\/\/toimintaterapiapalvelu.fi\/wp\/\",\"name\":\"Lahden Toimintaterapiapalvelu Oy\",\"description\":\"\",\"publisher\":{\"@id\":\"https:\/\/toimintaterapiapalvelu.fi\/wp\/#organization\"},\"potentialAction\":[{\"@type\":\"SearchAction\",\"target\":{\"@type\":\"EntryPoint\",\"urlTemplate\":\"https:\/\/toimintaterapiapalvelu.fi\/wp\/?s={search_term_string}\"},\"query-input\":\"required name=search_term_string\"}],\"inLanguage\":\"fi\"},{\"@type\":\"Organization\",\"@id\":\"https:\/\/toimintaterapiapalvelu.fi\/wp\/#organization\",\"name\":\"Lahden Toimintaterapiapalvelu Oy\",\"url\":\"https:\/\/toimintaterapiapalvelu.fi\/wp\/\",\"logo\":{\"@type\":\"ImageObject\",\"inLanguage\":\"fi\",\"@id\":\"https:\/\/toimintaterapiapalvelu.fi\/wp\/#\/schema\/logo\/image\/\",\"url\":\"https:\/\/toimintaterapiapalvelu.fi\/wp\/wp-content\/uploads\/2020\/11\/LOGO-txt.jpg\",\"contentUrl\":\"https:\/\/toimintaterapiapalvelu.fi\/wp\/wp-content\/uploads\/2020\/11\/LOGO-txt.jpg\",\"width\":663,\"height\":115,\"caption\":\"Lahden Toimintaterapiapalvelu Oy\"},\"image\":{\"@id\":\"https:\/\/toimintaterapiapalvelu.fi\/wp\/#\/schema\/logo\/image\/\"}}]}<\/script>\n<!-- \/ Yoast SEO plugin. -->","yoast_head_json":{"title":"Tilat - Lahden Toimintaterapiapalvelu","description":"K\u00e4yt\u00f6ss\u00e4mme on monipuoliset ja muunneltavat tilat sensorisen integraation- terapiav\u00e4lineist\u00f6ineen.","robots":{"index":"index","follow":"follow","max-snippet":"max-snippet:-1","max-image-preview":"max-image-preview:large","max-video-preview":"max-video-preview:-1"},"canonical":"https:\/\/toimintaterapiapalvelu.fi\/wp\/?page_id=46","og_locale":"fi_FI","og_type":"article","og_title":"Tilat - Lahden Toimintaterapiapalvelu","og_description":"K\u00e4yt\u00f6ss\u00e4mme on monipuoliset ja muunneltavat tilat sensorisen integraation- terapiav\u00e4lineist\u00f6ineen.","og_url":"https:\/\/toimintaterapiapalvelu.fi\/wp\/?page_id=46","og_site_name":"Lahden Toimintaterapiapalvelu","article_modified_time":"2020-11-10T12:22:27+00:00","og_image":[{"url":"https:\/\/toimintaterapiapalvelu.fi\/wp\/wp-content\/uploads\/2020\/11\/terapiahuone6-1024x768.jpg"}],"twitter_card":"summary_large_image","schema":{"@context":"https:\/\/schema.org","@graph":[{"@type":"WebPage","@id":"https:\/\/toimintaterapiapalvelu.fi\/wp\/?page_id=46","url":"https:\/\/toimintaterapiapalvelu.fi\/wp\/?page_id=46","name":"Tilat - Lahden Toimintaterapiapalvelu","isPartOf":{"@id":"https:\/\/toimintaterapiapalvelu.fi\/wp\/#website"},"datePublished":"2020-11-10T09:46:10+00:00","dateModified":"2020-11-10T12:22:27+00:00","description":"K\u00e4yt\u00f6ss\u00e4mme on monipuoliset ja muunneltavat tilat sensorisen integraation- terapiav\u00e4lineist\u00f6ineen.","breadcrumb":{"@id":"https:\/\/toimintaterapiapalvelu.fi\/wp\/?page_id=46#breadcrumb"},"inLanguage":"fi","potentialAction":[{"@type":"ReadAction","target":["https:\/\/toimintaterapiapalvelu.fi\/wp\/?page_id=46"]}]},{"@type":"BreadcrumbList","@id":"https:\/\/toimintaterapiapalvelu.fi\/wp\/?page_id=46#breadcrumb","itemListElement":[{"@type":"ListItem","position":1,"name":"Etusivu","item":"https:\/\/toimintaterapiapalvelu.fi\/wp\/"},{"@type":"ListItem","position":2,"name":"Tilat"}]},{"@type":"WebSite","@id":"https:\/\/toimintaterapiapalvelu.fi\/wp\/#website","url":"https:\/\/toimintaterapiapalvelu.fi\/wp\/","name":"Lahden Toimintaterapiapalvelu Oy","description":"","publisher":{"@id":"https:\/\/toimintaterapiapalvelu.fi\/wp\/#organization"},"potentialAction":[{"@type":"SearchAction","target":{"@type":"EntryPoint","urlTemplate":"https:\/\/toimintaterapiapalvelu.fi\/wp\/?s={search_term_string}"},"query-input":"required name=search_term_string"}],"inLanguage":"fi"},{"@type":"Organization","@id":"https:\/\/toimintaterapiapalvelu.fi\/wp\/#organization","name":"Lahden Toimintaterapiapalvelu Oy","url":"https:\/\/toimintaterapiapalvelu.fi\/wp\/","logo":{"@type":"ImageObject","inLanguage":"fi","@id":"https:\/\/toimintaterapiapalvelu.fi\/wp\/#\/schema\/logo\/image\/","url":"https:\/\/toimintaterapiapalvelu.fi\/wp\/wp-content\/uploads\/2020\/11\/LOGO-txt.jpg","contentUrl":"https:\/\/toimintaterapiapalvelu.fi\/wp\/wp-content\/uploads\/2020\/11\/LOGO-txt.jpg","width":663,"height":115,"caption":"Lahden Toimintaterapiapalvelu Oy"},"image":{"@id":"https:\/\/toimintaterapiapalvelu.fi\/wp\/#\/schema\/logo\/image\/"}}]}},"_links":{"self":[{"href":"https:\/\/toimintaterapiapalvelu.fi\/wp\/index.php?rest_route=\/wp\/v2\/pages\/46"}],"collection":[{"href":"https:\/\/toimintaterapiapalvelu.fi\/wp\/index.php?rest_route=\/wp\/v2\/pages"}],"about":[{"href":"https:\/\/toimintaterapiapalvelu.fi\/wp\/index.php?rest_route=\/wp\/v2\/types\/page"}],"author":[{"embeddable":true,"href":"https:\/\/toimintaterapiapalvelu.fi\/wp\/index.php?rest_route=\/wp\/v2\/users\/1"}],"replies":[{"embeddable":true,"href":"https:\/\/toimintaterapiapalvelu.fi\/wp\/index.php?rest_route=%2Fwp%2Fv2%2Fcomments&post=46"}],"version-history":[{"count":6,"href":"https:\/\/toimintaterapiapalvelu.fi\/wp\/index.php?rest_route=\/wp\/v2\/pages\/46\/revisions"}],"predecessor-version":[{"id":114,"href":"https:\/\/toimintaterapiapalvelu.fi\/wp\/index.php?rest_route=\/wp\/v2\/pages\/46\/revisions\/114"}],"wp:attachment":[{"href":"https:\/\/toimintaterapiapalvelu.fi\/wp\/index.php?rest_route=%2Fwp%2Fv2%2Fmedia&parent=46"}],"curies":[{"name":"wp","href":"https:\/\/api.w.org\/{rel}","templated":true}]}}