{"id":44,"date":"2020-11-10T09:45:53","date_gmt":"2020-11-10T09:45:53","guid":{"rendered":"https:\/\/toimintaterapiapalvelu.fi\/wp\/?page_id=44"},"modified":"2024-11-11T09:10:34","modified_gmt":"2024-11-11T09:10:34","slug":"palvelut","status":"publish","type":"page","link":"https:\/\/toimintaterapiapalvelu.fi\/wp\/?page_id=44","title":{"rendered":"Palvelut"},"content":{"rendered":"\n<h3><strong>PALVELUT<\/strong><br><br><span style=\"color:#408612\" class=\"has-inline-color\">LASTEN JA VARHAISNUORTEN SENSORISEN INTEGRAATION TOIMINTATERAPIA<\/span><\/h3>\n\n\n\n<p>Lasten toimintaterapia on tavoitteellista toimintaa, jossa terapiamuotona on p\u00e4\u00e4asiassa leikki. Lapselle luontaisena ja motivoivana toimintana leikki tarjoaa sopivia haasteita, onnistumista ja oivaltamista sek\u00e4 mielihyv\u00e4\u00e4. Joskus leikkimisen vaikeuksien taustalta l\u00f6ytyy aistitiedon k\u00e4sittelyn ja aistis\u00e4\u00e4telyn vaikeuksia, jolloin lapsi tarvitsee erityist\u00e4 ohjausta ja turvallista ja luottamuksellista vuorovaikutussuhdetta terapeutin kanssa.<\/p>\n\n\n\n<p>Leikki her\u00e4tt\u00e4\u00e4 usein sis\u00e4isen halun kehitty\u00e4. Rikastettu terapiaymp\u00e4rist\u00f6 viritt\u00e4\u00e4 lasta leikkim\u00e4\u00e4n, k\u00e4ytt\u00e4m\u00e4\u00e4n kehoaan ja oppimaan. T\u00e4m\u00e4n vuoksi sensorisen integraation toimintaterapia toteutuu toimitiloissamme.<\/p>\n\n\n\n<h4><mark style=\"background-color:rgba(0, 0, 0, 0);color:#408612\" class=\"has-inline-color\">TOIMINTATERAPIATARPEEN ARVIOINTI<\/mark><\/h4>\n\n\n\n<p>Lahden Toimintaterapiapalvelulla on k\u00e4yt\u00f6ss\u00e4\u00e4n standardoituja toimintaterapeuttien k\u00e4ytt\u00e4mi\u00e4 testej\u00e4, kuten M-FUN, Beery VMI, SPM ja sensomotoristen valmiuksien strukturoitu havainnointi. Testien lis\u00e4ksi arviointiin kuuluu l\u00e4hiymp\u00e4rist\u00f6n, kuten kodin, p\u00e4iv\u00e4hoidon ja koulun haastattelu, jonka avulla kartoitetaan lapsen suoriutumista luonnollisessa arkiymp\u00e4rist\u00f6ss\u00e4\u00e4n.<\/p>\n\n\n\n<h4><mark style=\"background-color:rgba(0, 0, 0, 0);color:#408612\" class=\"has-inline-color\">LAPSEN TOIMINTAYMP\u00c4RIST\u00d6N OHJAUS<\/mark><\/h4>\n\n\n\n<p>Toimintaterapeuttimme tekev\u00e4t tiivist\u00e4 yhteisty\u00f6t\u00e4 kodin, p\u00e4iv\u00e4hoidon ja koulun kanssa. Ohjausk\u00e4ynneill\u00e4 pyrit\u00e4\u00e4n l\u00f6yt\u00e4m\u00e4\u00e4n keinoja, jotka tukevat ja helpottavat lapsen osallistumista ja suoriutumista arjen jokap\u00e4iv\u00e4isiss\u00e4 toiminnoissa.<\/p>\n\n\n\n<p class=\"has-vivid-green-cyan-color has-text-color\"><strong>EL\u00c4INAVUSTEINEN TERAPIA<\/strong><\/p>\n\n\n\n<p class=\"has-black-color has-text-color\">El\u00e4inavusteinen terapia on tavoitteellista kuntoutusta, jossa ihmisen ja el\u00e4imen v\u00e4linen vuorovaikutus on olennainen osa hoitoa. El\u00e4inavusteista terapiaa antaa terveydenhuollon tai sosiaalialan ammattihenkil\u00f6, joka k\u00e4ytt\u00e4\u00e4 el\u00e4int\u00e4 apuna omassa ty\u00f6ss\u00e4\u00e4n. El\u00e4in voi l\u00e4sn\u00e4olollaan helpottaa vuorovaikutusta ja v\u00e4hent\u00e4\u00e4 kuntoutujan j\u00e4nnityst\u00e4 ja levottomuutta. My\u00f6s motivaatio harjoitteluun lis\u00e4\u00e4ntyy.<\/p>\n\n\n\n<p class=\"has-black-color has-text-color\"><strong>Palvelemme KELA:n asiakkaita seuraavien kuntien alueella:<br>Hartola, Heinola, Hollola, Iitti, K\u00e4rk\u00f6l\u00e4, Lahti, Orimattila, Padasjoki, Sysm\u00e4,Askola,Lapinj\u00e4rvi,Loviisa<\/strong>,<strong>Myrskyl\u00e4,M\u00e4nts\u00e4l\u00e4,Pornainen,Porvoo ja Pukkila.<\/strong><\/p>\n\n\n\n<p><\/p>\n\n\n\n<p class=\"has-black-color has-text-color\"><br><\/p>\n\n\n\n<figure class=\"wp-block-image size-large is-resized\"><img decoding=\"async\" loading=\"lazy\" src=\"https:\/\/toimintaterapiapalvelu.fi\/wp\/wp-content\/uploads\/2020\/11\/keilat-1024x682.jpg\" alt=\"\" class=\"wp-image-27\" width=\"640\" height=\"426\" srcset=\"https:\/\/toimintaterapiapalvelu.fi\/wp\/wp-content\/uploads\/2020\/11\/keilat-1024x682.jpg 1024w, https:\/\/toimintaterapiapalvelu.fi\/wp\/wp-content\/uploads\/2020\/11\/keilat-300x200.jpg 300w, https:\/\/toimintaterapiapalvelu.fi\/wp\/wp-content\/uploads\/2020\/11\/keilat-768x512.jpg 768w, https:\/\/toimintaterapiapalvelu.fi\/wp\/wp-content\/uploads\/2020\/11\/keilat-1536x1023.jpg 1536w, https:\/\/toimintaterapiapalvelu.fi\/wp\/wp-content\/uploads\/2020\/11\/keilat.jpg 1600w\" sizes=\"(max-width: 640px) 100vw, 640px\" \/><\/figure>\n","protected":false},"excerpt":{"rendered":"<p>PALVELUT LASTEN JA VARHAISNUORTEN SENSORISEN INTEGRAATION TOIMINTATERAPIA Lasten toimintaterapia on tavoitteellista toimintaa, jossa terapiamuotona on p\u00e4\u00e4asiassa leikki. Lapselle luontaisena ja motivoivana toimintana leikki tarjoaa sopivia haasteita, onnistumista ja oivaltamista sek\u00e4 mielihyv\u00e4\u00e4. Joskus leikkimisen vaikeuksien taustalta l\u00f6ytyy aistitiedon k\u00e4sittelyn ja aistis\u00e4\u00e4telyn vaikeuksia, jolloin lapsi tarvitsee erityist\u00e4 ohjausta ja turvallista ja luottamuksellista vuorovaikutussuhdetta terapeutin kanssa. Leikki her\u00e4tt\u00e4\u00e4 [&hellip;]<\/p>\n","protected":false},"author":1,"featured_media":0,"parent":0,"menu_order":0,"comment_status":"closed","ping_status":"closed","template":"","meta":[],"yoast_head":"<!-- This site is optimized with the Yoast SEO plugin v19.9 - https:\/\/yoast.com\/wordpress\/plugins\/seo\/ -->\n<title>Palvelut - Lahden Toimintaterapiapalvelu<\/title>\n<meta name=\"description\" content=\"Lasten toimintaterapia on tavoitteellista toimintaa, jossa terapiamuotona on p\u00e4\u00e4asiassa leikki. Toimintaterapiatarpeen arviointi sek\u00e4 toimintaymp\u00e4rist\u00f6n ohjaus.\" \/>\n<meta name=\"robots\" content=\"index, follow, max-snippet:-1, max-image-preview:large, max-video-preview:-1\" \/>\n<link rel=\"canonical\" href=\"https:\/\/toimintaterapiapalvelu.fi\/wp\/?page_id=44\" \/>\n<meta property=\"og:locale\" content=\"fi_FI\" \/>\n<meta property=\"og:type\" content=\"article\" \/>\n<meta property=\"og:title\" content=\"Palvelut - Lahden Toimintaterapiapalvelu\" \/>\n<meta property=\"og:description\" content=\"Lasten toimintaterapia on tavoitteellista toimintaa, jossa terapiamuotona on p\u00e4\u00e4asiassa leikki. Toimintaterapiatarpeen arviointi sek\u00e4 toimintaymp\u00e4rist\u00f6n ohjaus.\" \/>\n<meta property=\"og:url\" content=\"https:\/\/toimintaterapiapalvelu.fi\/wp\/?page_id=44\" \/>\n<meta property=\"og:site_name\" content=\"Lahden Toimintaterapiapalvelu\" \/>\n<meta property=\"article:modified_time\" content=\"2024-11-11T09:10:34+00:00\" \/>\n<meta property=\"og:image\" content=\"https:\/\/toimintaterapiapalvelu.fi\/wp\/wp-content\/uploads\/2020\/11\/keilat-1024x682.jpg\" \/>\n<meta name=\"twitter:card\" content=\"summary_large_image\" \/>\n<meta name=\"twitter:label1\" content=\"Arvioitu lukuaika\" \/>\n\t<meta name=\"twitter:data1\" content=\"2 minuuttia\" \/>\n<script type=\"application\/ld+json\" class=\"yoast-schema-graph\">{\"@context\":\"https:\/\/schema.org\",\"@graph\":[{\"@type\":\"WebPage\",\"@id\":\"https:\/\/toimintaterapiapalvelu.fi\/wp\/?page_id=44\",\"url\":\"https:\/\/toimintaterapiapalvelu.fi\/wp\/?page_id=44\",\"name\":\"Palvelut - Lahden Toimintaterapiapalvelu\",\"isPartOf\":{\"@id\":\"https:\/\/toimintaterapiapalvelu.fi\/wp\/#website\"},\"datePublished\":\"2020-11-10T09:45:53+00:00\",\"dateModified\":\"2024-11-11T09:10:34+00:00\",\"description\":\"Lasten toimintaterapia on tavoitteellista toimintaa, jossa terapiamuotona on p\u00e4\u00e4asiassa leikki. Toimintaterapiatarpeen arviointi sek\u00e4 toimintaymp\u00e4rist\u00f6n ohjaus.\",\"breadcrumb\":{\"@id\":\"https:\/\/toimintaterapiapalvelu.fi\/wp\/?page_id=44#breadcrumb\"},\"inLanguage\":\"fi\",\"potentialAction\":[{\"@type\":\"ReadAction\",\"target\":[\"https:\/\/toimintaterapiapalvelu.fi\/wp\/?page_id=44\"]}]},{\"@type\":\"BreadcrumbList\",\"@id\":\"https:\/\/toimintaterapiapalvelu.fi\/wp\/?page_id=44#breadcrumb\",\"itemListElement\":[{\"@type\":\"ListItem\",\"position\":1,\"name\":\"Etusivu\",\"item\":\"https:\/\/toimintaterapiapalvelu.fi\/wp\/\"},{\"@type\":\"ListItem\",\"position\":2,\"name\":\"Palvelut\"}]},{\"@type\":\"WebSite\",\"@id\":\"https:\/\/toimintaterapiapalvelu.fi\/wp\/#website\",\"url\":\"https:\/\/toimintaterapiapalvelu.fi\/wp\/\",\"name\":\"Lahden Toimintaterapiapalvelu Oy\",\"description\":\"\",\"publisher\":{\"@id\":\"https:\/\/toimintaterapiapalvelu.fi\/wp\/#organization\"},\"potentialAction\":[{\"@type\":\"SearchAction\",\"target\":{\"@type\":\"EntryPoint\",\"urlTemplate\":\"https:\/\/toimintaterapiapalvelu.fi\/wp\/?s={search_term_string}\"},\"query-input\":\"required name=search_term_string\"}],\"inLanguage\":\"fi\"},{\"@type\":\"Organization\",\"@id\":\"https:\/\/toimintaterapiapalvelu.fi\/wp\/#organization\",\"name\":\"Lahden Toimintaterapiapalvelu Oy\",\"url\":\"https:\/\/toimintaterapiapalvelu.fi\/wp\/\",\"logo\":{\"@type\":\"ImageObject\",\"inLanguage\":\"fi\",\"@id\":\"https:\/\/toimintaterapiapalvelu.fi\/wp\/#\/schema\/logo\/image\/\",\"url\":\"https:\/\/toimintaterapiapalvelu.fi\/wp\/wp-content\/uploads\/2020\/11\/LOGO-txt.jpg\",\"contentUrl\":\"https:\/\/toimintaterapiapalvelu.fi\/wp\/wp-content\/uploads\/2020\/11\/LOGO-txt.jpg\",\"width\":663,\"height\":115,\"caption\":\"Lahden Toimintaterapiapalvelu Oy\"},\"image\":{\"@id\":\"https:\/\/toimintaterapiapalvelu.fi\/wp\/#\/schema\/logo\/image\/\"}}]}<\/script>\n<!-- \/ Yoast SEO plugin. -->","yoast_head_json":{"title":"Palvelut - Lahden Toimintaterapiapalvelu","description":"Lasten toimintaterapia on tavoitteellista toimintaa, jossa terapiamuotona on p\u00e4\u00e4asiassa leikki. Toimintaterapiatarpeen arviointi sek\u00e4 toimintaymp\u00e4rist\u00f6n ohjaus.","robots":{"index":"index","follow":"follow","max-snippet":"max-snippet:-1","max-image-preview":"max-image-preview:large","max-video-preview":"max-video-preview:-1"},"canonical":"https:\/\/toimintaterapiapalvelu.fi\/wp\/?page_id=44","og_locale":"fi_FI","og_type":"article","og_title":"Palvelut - Lahden Toimintaterapiapalvelu","og_description":"Lasten toimintaterapia on tavoitteellista toimintaa, jossa terapiamuotona on p\u00e4\u00e4asiassa leikki. Toimintaterapiatarpeen arviointi sek\u00e4 toimintaymp\u00e4rist\u00f6n ohjaus.","og_url":"https:\/\/toimintaterapiapalvelu.fi\/wp\/?page_id=44","og_site_name":"Lahden Toimintaterapiapalvelu","article_modified_time":"2024-11-11T09:10:34+00:00","og_image":[{"url":"https:\/\/toimintaterapiapalvelu.fi\/wp\/wp-content\/uploads\/2020\/11\/keilat-1024x682.jpg"}],"twitter_card":"summary_large_image","twitter_misc":{"Arvioitu lukuaika":"2 minuuttia"},"schema":{"@context":"https:\/\/schema.org","@graph":[{"@type":"WebPage","@id":"https:\/\/toimintaterapiapalvelu.fi\/wp\/?page_id=44","url":"https:\/\/toimintaterapiapalvelu.fi\/wp\/?page_id=44","name":"Palvelut - Lahden Toimintaterapiapalvelu","isPartOf":{"@id":"https:\/\/toimintaterapiapalvelu.fi\/wp\/#website"},"datePublished":"2020-11-10T09:45:53+00:00","dateModified":"2024-11-11T09:10:34+00:00","description":"Lasten toimintaterapia on tavoitteellista toimintaa, jossa terapiamuotona on p\u00e4\u00e4asiassa leikki. Toimintaterapiatarpeen arviointi sek\u00e4 toimintaymp\u00e4rist\u00f6n ohjaus.","breadcrumb":{"@id":"https:\/\/toimintaterapiapalvelu.fi\/wp\/?page_id=44#breadcrumb"},"inLanguage":"fi","potentialAction":[{"@type":"ReadAction","target":["https:\/\/toimintaterapiapalvelu.fi\/wp\/?page_id=44"]}]},{"@type":"BreadcrumbList","@id":"https:\/\/toimintaterapiapalvelu.fi\/wp\/?page_id=44#breadcrumb","itemListElement":[{"@type":"ListItem","position":1,"name":"Etusivu","item":"https:\/\/toimintaterapiapalvelu.fi\/wp\/"},{"@type":"ListItem","position":2,"name":"Palvelut"}]},{"@type":"WebSite","@id":"https:\/\/toimintaterapiapalvelu.fi\/wp\/#website","url":"https:\/\/toimintaterapiapalvelu.fi\/wp\/","name":"Lahden Toimintaterapiapalvelu Oy","description":"","publisher":{"@id":"https:\/\/toimintaterapiapalvelu.fi\/wp\/#organization"},"potentialAction":[{"@type":"SearchAction","target":{"@type":"EntryPoint","urlTemplate":"https:\/\/toimintaterapiapalvelu.fi\/wp\/?s={search_term_string}"},"query-input":"required name=search_term_string"}],"inLanguage":"fi"},{"@type":"Organization","@id":"https:\/\/toimintaterapiapalvelu.fi\/wp\/#organization","name":"Lahden Toimintaterapiapalvelu Oy","url":"https:\/\/toimintaterapiapalvelu.fi\/wp\/","logo":{"@type":"ImageObject","inLanguage":"fi","@id":"https:\/\/toimintaterapiapalvelu.fi\/wp\/#\/schema\/logo\/image\/","url":"https:\/\/toimintaterapiapalvelu.fi\/wp\/wp-content\/uploads\/2020\/11\/LOGO-txt.jpg","contentUrl":"https:\/\/toimintaterapiapalvelu.fi\/wp\/wp-content\/uploads\/2020\/11\/LOGO-txt.jpg","width":663,"height":115,"caption":"Lahden Toimintaterapiapalvelu Oy"},"image":{"@id":"https:\/\/toimintaterapiapalvelu.fi\/wp\/#\/schema\/logo\/image\/"}}]}},"_links":{"self":[{"href":"https:\/\/toimintaterapiapalvelu.fi\/wp\/index.php?rest_route=\/wp\/v2\/pages\/44"}],"collection":[{"href":"https:\/\/toimintaterapiapalvelu.fi\/wp\/index.php?rest_route=\/wp\/v2\/pages"}],"about":[{"href":"https:\/\/toimintaterapiapalvelu.fi\/wp\/index.php?rest_route=\/wp\/v2\/types\/page"}],"author":[{"embeddable":true,"href":"https:\/\/toimintaterapiapalvelu.fi\/wp\/index.php?rest_route=\/wp\/v2\/users\/1"}],"replies":[{"embeddable":true,"href":"https:\/\/toimintaterapiapalvelu.fi\/wp\/index.php?rest_route=%2Fwp%2Fv2%2Fcomments&post=44"}],"version-history":[{"count":13,"href":"https:\/\/toimintaterapiapalvelu.fi\/wp\/index.php?rest_route=\/wp\/v2\/pages\/44\/revisions"}],"predecessor-version":[{"id":148,"href":"https:\/\/toimintaterapiapalvelu.fi\/wp\/index.php?rest_route=\/wp\/v2\/pages\/44\/revisions\/148"}],"wp:attachment":[{"href":"https:\/\/toimintaterapiapalvelu.fi\/wp\/index.php?rest_route=%2Fwp%2Fv2%2Fmedia&parent=44"}],"curies":[{"name":"wp","href":"https:\/\/api.w.org\/{rel}","templated":true}]}}