{"id":2,"date":"2020-11-10T08:42:39","date_gmt":"2020-11-10T08:42:39","guid":{"rendered":"https:\/\/toimintaterapiapalvelu.fi\/wp\/?page_id=2"},"modified":"2020-11-10T12:16:20","modified_gmt":"2020-11-10T12:16:20","slug":"etusivu","status":"publish","type":"page","link":"https:\/\/toimintaterapiapalvelu.fi\/wp\/","title":{"rendered":"Etusivu"},"content":{"rendered":"\n<p><strong><span style=\"color:#408612\" class=\"has-inline-color\">TOIMINTATERAPIAA MONIPUOLISESTI<\/span><\/strong><br><strong>Lahden Toimintaterapiapalvelu antaa toimintaterapiaa ja sensorisen integraation terapiaa lapsille ja varhaisnuorille<\/strong>.<\/p>\n\n\n\n<p>Toimintaterapia on l\u00e4\u00e4kinn\u00e4llist\u00e4 kuntoutusta, joka perustuu toiminnan terapeuttiseen k\u00e4ytt\u00f6\u00f6n ja lapsen ja terapeutin v\u00e4liseen vuorovaikutukseen. Lapsen sensorisen integraation terapia (ASI-terapia) on l\u00e4\u00e4kinn\u00e4llist\u00e4 kuntoutusta ja menetelm\u00e4\u00e4 k\u00e4ytt\u00e4v\u00e4t sensorisen integraation teoriaan ja terapiaan erikoistumiskoulutuksen k\u00e4yneet terapeutit. Terapia toteutuu lapsen luontaisen toiminnan ja leikin avulla tarkoin suunnitellussa terapiaymp\u00e4rist\u00f6ss\u00e4. Terapian tavoitteena on tukea lapsen kehityst\u00e4, toimintakyky\u00e4 ja omatoimisuutta, vahvistaa lapsen suoriutumista kotona, p\u00e4iv\u00e4hoidossa ja koulussa.<\/p>\n\n\n\n<p>Terapiassa toimitaan yhteisty\u00f6ss\u00e4 kodin, lapsen muun toimintaymp\u00e4rist\u00f6n ja lapsen hoitoon osallistuvien terveyden- ja sosiaalihuollon toimijoiden kanssa. Toimintaterapia on luottamuksellista.<\/p>\n\n\n\n<p>Lahden Toimintaterapiapalvelu on KELA:n palveluntuottaja sek\u00e4 P\u00e4ij\u00e4t-H\u00e4meen hyvinvointikuntayhtym\u00e4n (PHHYKY) palvelusetelituottaja.<\/p>\n\n\n\n<p>Kun lapsella on voimassaoleva kuntoutussuunnitelma KELA:lle, terapia toteutuu KELA:n maksusitoumuksella. Terapia voi toteutua my\u00f6s vakuutusyhti\u00f6n maksusitoumuksella, PHHYKY:n palvelusetelill\u00e4, lastenpsykiatrian maksusitoumuksella tai itsemaksavana. Toimintaterapian tarve perustuu huolelliseen toimintaterapia-arviointiin.<\/p>\n","protected":false},"excerpt":{"rendered":"<p>TOIMINTATERAPIAA MONIPUOLISESTILahden Toimintaterapiapalvelu antaa toimintaterapiaa ja sensorisen integraation terapiaa lapsille ja varhaisnuorille. Toimintaterapia on l\u00e4\u00e4kinn\u00e4llist\u00e4 kuntoutusta, joka perustuu toiminnan terapeuttiseen k\u00e4ytt\u00f6\u00f6n ja lapsen ja terapeutin v\u00e4liseen vuorovaikutukseen. Lapsen sensorisen integraation terapia (ASI-terapia) on l\u00e4\u00e4kinn\u00e4llist\u00e4 kuntoutusta ja menetelm\u00e4\u00e4 k\u00e4ytt\u00e4v\u00e4t sensorisen integraation teoriaan ja terapiaan erikoistumiskoulutuksen k\u00e4yneet terapeutit. Terapia toteutuu lapsen luontaisen toiminnan ja leikin avulla tarkoin [&hellip;]<\/p>\n","protected":false},"author":1,"featured_media":0,"parent":0,"menu_order":0,"comment_status":"closed","ping_status":"open","template":"","meta":[],"yoast_head":"<!-- This site is optimized with the Yoast SEO plugin v19.9 - https:\/\/yoast.com\/wordpress\/plugins\/seo\/ -->\n<title>Etusivu - Lahden Toimintaterapiapalvelu<\/title>\n<meta name=\"description\" content=\"Lahden Toimintaterapiapalvelu antaa toimintaterapiaa ja sensorisen integraation terapiaa lapsille ja varhaisnuorille.\" \/>\n<meta name=\"robots\" content=\"index, follow, max-snippet:-1, max-image-preview:large, max-video-preview:-1\" \/>\n<link rel=\"canonical\" href=\"https:\/\/toimintaterapiapalvelu.fi\/wp\/\" \/>\n<meta property=\"og:locale\" content=\"fi_FI\" \/>\n<meta property=\"og:type\" content=\"article\" \/>\n<meta property=\"og:title\" content=\"Etusivu - Lahden Toimintaterapiapalvelu\" \/>\n<meta property=\"og:description\" content=\"Lahden Toimintaterapiapalvelu antaa toimintaterapiaa ja sensorisen integraation terapiaa lapsille ja varhaisnuorille.\" \/>\n<meta property=\"og:url\" content=\"https:\/\/toimintaterapiapalvelu.fi\/wp\/\" \/>\n<meta property=\"og:site_name\" content=\"Lahden Toimintaterapiapalvelu\" \/>\n<meta property=\"article:modified_time\" content=\"2020-11-10T12:16:20+00:00\" \/>\n<meta name=\"twitter:card\" content=\"summary_large_image\" \/>\n<meta name=\"twitter:label1\" content=\"Arvioitu lukuaika\" \/>\n\t<meta name=\"twitter:data1\" content=\"1 minuutti\" \/>\n<script type=\"application\/ld+json\" class=\"yoast-schema-graph\">{\"@context\":\"https:\/\/schema.org\",\"@graph\":[{\"@type\":\"WebPage\",\"@id\":\"https:\/\/toimintaterapiapalvelu.fi\/wp\/\",\"url\":\"https:\/\/toimintaterapiapalvelu.fi\/wp\/\",\"name\":\"Etusivu - Lahden Toimintaterapiapalvelu\",\"isPartOf\":{\"@id\":\"https:\/\/toimintaterapiapalvelu.fi\/wp\/#website\"},\"datePublished\":\"2020-11-10T08:42:39+00:00\",\"dateModified\":\"2020-11-10T12:16:20+00:00\",\"description\":\"Lahden Toimintaterapiapalvelu antaa toimintaterapiaa ja sensorisen integraation terapiaa lapsille ja varhaisnuorille.\",\"breadcrumb\":{\"@id\":\"https:\/\/toimintaterapiapalvelu.fi\/wp\/#breadcrumb\"},\"inLanguage\":\"fi\",\"potentialAction\":[{\"@type\":\"ReadAction\",\"target\":[\"https:\/\/toimintaterapiapalvelu.fi\/wp\/\"]}]},{\"@type\":\"BreadcrumbList\",\"@id\":\"https:\/\/toimintaterapiapalvelu.fi\/wp\/#breadcrumb\",\"itemListElement\":[{\"@type\":\"ListItem\",\"position\":1,\"name\":\"Etusivu\",\"item\":\"https:\/\/toimintaterapiapalvelu.fi\/wp\/\"},{\"@type\":\"ListItem\",\"position\":2,\"name\":\"Etusivu\"}]},{\"@type\":\"WebSite\",\"@id\":\"https:\/\/toimintaterapiapalvelu.fi\/wp\/#website\",\"url\":\"https:\/\/toimintaterapiapalvelu.fi\/wp\/\",\"name\":\"Lahden Toimintaterapiapalvelu Oy\",\"description\":\"\",\"publisher\":{\"@id\":\"https:\/\/toimintaterapiapalvelu.fi\/wp\/#organization\"},\"potentialAction\":[{\"@type\":\"SearchAction\",\"target\":{\"@type\":\"EntryPoint\",\"urlTemplate\":\"https:\/\/toimintaterapiapalvelu.fi\/wp\/?s={search_term_string}\"},\"query-input\":\"required name=search_term_string\"}],\"inLanguage\":\"fi\"},{\"@type\":\"Organization\",\"@id\":\"https:\/\/toimintaterapiapalvelu.fi\/wp\/#organization\",\"name\":\"Lahden Toimintaterapiapalvelu Oy\",\"url\":\"https:\/\/toimintaterapiapalvelu.fi\/wp\/\",\"logo\":{\"@type\":\"ImageObject\",\"inLanguage\":\"fi\",\"@id\":\"https:\/\/toimintaterapiapalvelu.fi\/wp\/#\/schema\/logo\/image\/\",\"url\":\"https:\/\/toimintaterapiapalvelu.fi\/wp\/wp-content\/uploads\/2020\/11\/LOGO-txt.jpg\",\"contentUrl\":\"https:\/\/toimintaterapiapalvelu.fi\/wp\/wp-content\/uploads\/2020\/11\/LOGO-txt.jpg\",\"width\":663,\"height\":115,\"caption\":\"Lahden Toimintaterapiapalvelu Oy\"},\"image\":{\"@id\":\"https:\/\/toimintaterapiapalvelu.fi\/wp\/#\/schema\/logo\/image\/\"}}]}<\/script>\n<!-- \/ Yoast SEO plugin. -->","yoast_head_json":{"title":"Etusivu - Lahden Toimintaterapiapalvelu","description":"Lahden Toimintaterapiapalvelu antaa toimintaterapiaa ja sensorisen integraation terapiaa lapsille ja varhaisnuorille.","robots":{"index":"index","follow":"follow","max-snippet":"max-snippet:-1","max-image-preview":"max-image-preview:large","max-video-preview":"max-video-preview:-1"},"canonical":"https:\/\/toimintaterapiapalvelu.fi\/wp\/","og_locale":"fi_FI","og_type":"article","og_title":"Etusivu - Lahden Toimintaterapiapalvelu","og_description":"Lahden Toimintaterapiapalvelu antaa toimintaterapiaa ja sensorisen integraation terapiaa lapsille ja varhaisnuorille.","og_url":"https:\/\/toimintaterapiapalvelu.fi\/wp\/","og_site_name":"Lahden Toimintaterapiapalvelu","article_modified_time":"2020-11-10T12:16:20+00:00","twitter_card":"summary_large_image","twitter_misc":{"Arvioitu lukuaika":"1 minuutti"},"schema":{"@context":"https:\/\/schema.org","@graph":[{"@type":"WebPage","@id":"https:\/\/toimintaterapiapalvelu.fi\/wp\/","url":"https:\/\/toimintaterapiapalvelu.fi\/wp\/","name":"Etusivu - Lahden Toimintaterapiapalvelu","isPartOf":{"@id":"https:\/\/toimintaterapiapalvelu.fi\/wp\/#website"},"datePublished":"2020-11-10T08:42:39+00:00","dateModified":"2020-11-10T12:16:20+00:00","description":"Lahden Toimintaterapiapalvelu antaa toimintaterapiaa ja sensorisen integraation terapiaa lapsille ja varhaisnuorille.","breadcrumb":{"@id":"https:\/\/toimintaterapiapalvelu.fi\/wp\/#breadcrumb"},"inLanguage":"fi","potentialAction":[{"@type":"ReadAction","target":["https:\/\/toimintaterapiapalvelu.fi\/wp\/"]}]},{"@type":"BreadcrumbList","@id":"https:\/\/toimintaterapiapalvelu.fi\/wp\/#breadcrumb","itemListElement":[{"@type":"ListItem","position":1,"name":"Etusivu","item":"https:\/\/toimintaterapiapalvelu.fi\/wp\/"},{"@type":"ListItem","position":2,"name":"Etusivu"}]},{"@type":"WebSite","@id":"https:\/\/toimintaterapiapalvelu.fi\/wp\/#website","url":"https:\/\/toimintaterapiapalvelu.fi\/wp\/","name":"Lahden Toimintaterapiapalvelu Oy","description":"","publisher":{"@id":"https:\/\/toimintaterapiapalvelu.fi\/wp\/#organization"},"potentialAction":[{"@type":"SearchAction","target":{"@type":"EntryPoint","urlTemplate":"https:\/\/toimintaterapiapalvelu.fi\/wp\/?s={search_term_string}"},"query-input":"required name=search_term_string"}],"inLanguage":"fi"},{"@type":"Organization","@id":"https:\/\/toimintaterapiapalvelu.fi\/wp\/#organization","name":"Lahden Toimintaterapiapalvelu Oy","url":"https:\/\/toimintaterapiapalvelu.fi\/wp\/","logo":{"@type":"ImageObject","inLanguage":"fi","@id":"https:\/\/toimintaterapiapalvelu.fi\/wp\/#\/schema\/logo\/image\/","url":"https:\/\/toimintaterapiapalvelu.fi\/wp\/wp-content\/uploads\/2020\/11\/LOGO-txt.jpg","contentUrl":"https:\/\/toimintaterapiapalvelu.fi\/wp\/wp-content\/uploads\/2020\/11\/LOGO-txt.jpg","width":663,"height":115,"caption":"Lahden Toimintaterapiapalvelu Oy"},"image":{"@id":"https:\/\/toimintaterapiapalvelu.fi\/wp\/#\/schema\/logo\/image\/"}}]}},"_links":{"self":[{"href":"https:\/\/toimintaterapiapalvelu.fi\/wp\/index.php?rest_route=\/wp\/v2\/pages\/2"}],"collection":[{"href":"https:\/\/toimintaterapiapalvelu.fi\/wp\/index.php?rest_route=\/wp\/v2\/pages"}],"about":[{"href":"https:\/\/toimintaterapiapalvelu.fi\/wp\/index.php?rest_route=\/wp\/v2\/types\/page"}],"author":[{"embeddable":true,"href":"https:\/\/toimintaterapiapalvelu.fi\/wp\/index.php?rest_route=\/wp\/v2\/users\/1"}],"replies":[{"embeddable":true,"href":"https:\/\/toimintaterapiapalvelu.fi\/wp\/index.php?rest_route=%2Fwp%2Fv2%2Fcomments&post=2"}],"version-history":[{"count":3,"href":"https:\/\/toimintaterapiapalvelu.fi\/wp\/index.php?rest_route=\/wp\/v2\/pages\/2\/revisions"}],"predecessor-version":[{"id":98,"href":"https:\/\/toimintaterapiapalvelu.fi\/wp\/index.php?rest_route=\/wp\/v2\/pages\/2\/revisions\/98"}],"wp:attachment":[{"href":"https:\/\/toimintaterapiapalvelu.fi\/wp\/index.php?rest_route=%2Fwp%2Fv2%2Fmedia&parent=2"}],"curies":[{"name":"wp","href":"https:\/\/api.w.org\/{rel}","templated":true}]}}